{"id":58,"date":"2024-11-17T08:49:09","date_gmt":"2024-11-17T08:49:09","guid":{"rendered":"https:\/\/herazeusactivewear.com\/?page_id=58"},"modified":"2025-01-09T07:34:10","modified_gmt":"2025-01-09T07:34:10","slug":"about-us","status":"publish","type":"page","link":"https:\/\/herazeusactivewear.com\/es\/about-us\/","title":{"rendered":"Acerca de nosotros"},"content":{"rendered":"<div data-elementor-type=\"wp-page\" data-elementor-id=\"58\" class=\"elementor elementor-58\" data-elementor-post-type=\"page\">\n\t\t\t\t<div class=\"elementor-element elementor-element-113f0b88 e-flex e-con-boxed e-con e-parent\" data-id=\"113f0b88\" data-element_type=\"container\" data-settings=\"{&quot;background_background&quot;:&quot;classic&quot;,&quot;jet_parallax_layout_list&quot;:[]}\">\n\t\t\t\t\t<div class=\"e-con-inner\">\n\t\t\t\t<div class=\"elementor-element elementor-element-69d87621 elementor-widget elementor-widget-heading\" data-id=\"69d87621\" data-element_type=\"widget\" data-widget_type=\"heading.default\">\n\t\t\t\t<div class=\"elementor-widget-container\">\n\t\t\t\t\t<h2 class=\"elementor-heading-title elementor-size-default\">About Us<\/h2>\t\t\t\t<\/div>\n\t\t\t\t<\/div>\n\t\t\t\t\t<\/div>\n\t\t\t\t<\/div>\n\t\t<div class=\"elementor-element elementor-element-1ec9ce3 e-flex e-con-boxed e-con e-parent\" data-id=\"1ec9ce3\" data-element_type=\"container\" data-settings=\"{&quot;jet_parallax_layout_list&quot;:[]}\">\n\t\t\t\t\t<div class=\"e-con-inner\">\n\t\t\t\t<div class=\"elementor-element elementor-element-3661f92 elementor-widget elementor-widget-heading\" data-id=\"3661f92\" data-element_type=\"widget\" data-widget_type=\"heading.default\">\n\t\t\t\t<div class=\"elementor-widget-container\">\n\t\t\t\t\t<h2 class=\"elementor-heading-title elementor-size-default\">The Full Story<\/h2>\t\t\t\t<\/div>\n\t\t\t\t<\/div>\n\t\t\t\t\t<\/div>\n\t\t\t\t<\/div>\n\t\t<div class=\"elementor-element elementor-element-05613b5 e-flex e-con-boxed e-con e-parent\" data-id=\"05613b5\" data-element_type=\"container\" data-settings=\"{&quot;jet_parallax_layout_list&quot;:[]}\">\n\t\t\t\t\t<div class=\"e-con-inner\">\n\t\t\t\t<div class=\"elementor-element elementor-element-94332e6 elementor-widget elementor-widget-text-editor\" data-id=\"94332e6\" data-element_type=\"widget\" data-widget_type=\"text-editor.default\">\n\t\t\t\t<div class=\"elementor-widget-container\">\n\t\t\t\t\t\t\t\t\t<p>Who we are?<br \/>\u200b\u200b<br \/>So you want to know the story behind HERA ZEUS, huh? Are you sure you&#8217;re ready for it?<br \/>Our story starts a long time ago, in 2014. A lot has changed from those early days. Instead of me planning everything by myself at night, we have a fantastic team who now create your HERA ZEUS pieces &#8211; most made right here in Europe &#8211; and loving it. Instead of selling to a few girls at the markets, we now have a community of the most amazing girls you could hope for who are passionate about the brand (understatement of the year).<\/p><p>Of course, some things will never change. we still love making clothes. We love seeing all the different ways girls style their Hera Zeus pieces. Yeah, we even still love planning our next move at night.<br \/>\u200b<br \/>So who we are?<br \/>Just three siblings with the coolest job in the world. \ud83d\ude42<\/p>\t\t\t\t\t\t\t\t<\/div>\n\t\t\t\t<\/div>\n\t\t\t\t\t<\/div>\n\t\t\t\t<\/div>\n\t\t<div class=\"elementor-element elementor-element-21a6ff2 e-flex e-con-boxed e-con e-parent\" data-id=\"21a6ff2\" data-element_type=\"container\" data-settings=\"{&quot;jet_parallax_layout_list&quot;:[]}\">\n\t\t\t\t\t<div class=\"e-con-inner\">\n\t\t<div class=\"elementor-element elementor-element-f2fcaaa e-con-full e-flex e-con e-child\" data-id=\"f2fcaaa\" data-element_type=\"container\" data-settings=\"{&quot;jet_parallax_layout_list&quot;:[]}\">\n\t\t\t\t<div class=\"elementor-element elementor-element-d133b7a elementor-widget elementor-widget-image\" data-id=\"d133b7a\" data-element_type=\"widget\" data-widget_type=\"image.default\">\n\t\t\t\t<div class=\"elementor-widget-container\">\n\t\t\t\t\t\t\t\t\t\t\t\t\t\t\t<img fetchpriority=\"high\" decoding=\"async\" width=\"800\" height=\"986\" src=\"https:\/\/herazeusactivewear.com\/wp-content\/uploads\/2024\/12\/1b8e94_1cea058a4de544f598668109e548a276mv2-831x1024.avif\" class=\"attachment-large size-large wp-image-923\" alt=\"\" srcset=\"https:\/\/herazeusactivewear.com\/wp-content\/uploads\/2024\/12\/1b8e94_1cea058a4de544f598668109e548a276mv2-831x1024.avif 831w, https:\/\/herazeusactivewear.com\/wp-content\/uploads\/2024\/12\/1b8e94_1cea058a4de544f598668109e548a276mv2-244x300.avif 244w, https:\/\/herazeusactivewear.com\/wp-content\/uploads\/2024\/12\/1b8e94_1cea058a4de544f598668109e548a276mv2-768x946.avif 768w, https:\/\/herazeusactivewear.com\/wp-content\/uploads\/2024\/12\/1b8e94_1cea058a4de544f598668109e548a276mv2-1247x1536.avif 1247w, https:\/\/herazeusactivewear.com\/wp-content\/uploads\/2024\/12\/1b8e94_1cea058a4de544f598668109e548a276mv2.avif 1466w\" sizes=\"(max-width: 800px) 100vw, 800px\" \/>\t\t\t\t\t\t\t\t\t\t\t\t\t\t\t<\/div>\n\t\t\t\t<\/div>\n\t\t\t\t<\/div>\n\t\t<div class=\"elementor-element elementor-element-d2231b6 e-con-full e-flex e-con e-child\" data-id=\"d2231b6\" data-element_type=\"container\" data-settings=\"{&quot;jet_parallax_layout_list&quot;:[]}\">\n\t\t\t\t<div class=\"elementor-element elementor-element-fe0bf1d elementor-widget elementor-widget-heading\" data-id=\"fe0bf1d\" data-element_type=\"widget\" data-widget_type=\"heading.default\">\n\t\t\t\t<div class=\"elementor-widget-container\">\n\t\t\t\t\t<h2 class=\"elementor-heading-title elementor-size-default\">Mission<\/h2>\t\t\t\t<\/div>\n\t\t\t\t<\/div>\n\t\t\t\t<div class=\"elementor-element elementor-element-c5529a6 elementor-widget elementor-widget-text-editor\" data-id=\"c5529a6\" data-element_type=\"widget\" data-widget_type=\"text-editor.default\">\n\t\t\t\t<div class=\"elementor-widget-container\">\n\t\t\t\t\t\t\t\t\t<p>We are relentless about making the best workout clothing in the world explicitly to inspire sports woman and men to have more sports in their life.<\/p><p>Creating garments that carry over to the street, into a life lived consciously, takes mindful movement one step further: a beautiful life celebrated with forward design.<br \/>We are so inspired by the people we surround ourselves with and we aspire to have the same be true for them. That\u2019s why we work to make the HERA ZEUS culture authentic to a healthy lifestyle.<br \/>\u200b<br \/>\u200b<br \/><br \/>Somos implacables en la fabricaci\u00f3n de la mejor ropa de entrenamiento del mundo para inspirar expl\u00edcitamente a mujeres y hombres deportistas a tener m\u00e1s deportes en su vida.<br \/>Crear prendas que se trasladen a la calle, a una vida vivida conscientemente, lleva el movimiento consciente un paso m\u00e1s all\u00e1: una vida hermosa celebrada con un dise\u00f1o avanzado.<br \/>Estamos tan inspirados por las personas que nos rodean y aspiramos a que lo mismo sea para ellos. Es por eso que trabajamos para hacer que la cultura HERA ZEUS sea aut\u00e9ntica para un estilo de vida saludable.<br \/>\u200b<br \/>\u200b<\/p><p>Equipo | Team HERA ZEUS!<\/p>\t\t\t\t\t\t\t\t<\/div>\n\t\t\t\t<\/div>\n\t\t\t\t<\/div>\n\t\t\t\t\t<\/div>\n\t\t\t\t<\/div>\n\t\t<div class=\"elementor-element elementor-element-acc3184 e-flex e-con-boxed e-con e-parent\" data-id=\"acc3184\" data-element_type=\"container\" data-settings=\"{&quot;jet_parallax_layout_list&quot;:[]}\">\n\t\t\t\t\t<div class=\"e-con-inner\">\n\t\t\t\t<div class=\"elementor-element elementor-element-844f39e elementor-widget elementor-widget-heading\" data-id=\"844f39e\" data-element_type=\"widget\" data-widget_type=\"heading.default\">\n\t\t\t\t<div class=\"elementor-widget-container\">\n\t\t\t\t\t<h2 class=\"elementor-heading-title elementor-size-default\">WE MADE YOUR CLOTHES.<\/h2>\t\t\t\t<\/div>\n\t\t\t\t<\/div>\n\t\t\t\t<div class=\"elementor-element elementor-element-a224e6c elementor-widget elementor-widget-text-editor\" data-id=\"a224e6c\" data-element_type=\"widget\" data-widget_type=\"text-editor.default\">\n\t\t\t\t<div class=\"elementor-widget-container\">\n\t\t\t\t\t\t\t\t\t<p>HERA ZEUS activewear is inspired by fearless women who wear it like they mean it.<br \/>The world\u2019s destination for incredible fashion for incredible women.<br \/>\u200b<br \/>We understand the important responsibility we hold in taking care of our people and our environment. From the beginning, we have built our business through passion, resourcefulness and a continual drive to do things better. Better by our customers, better by HERA ZEUS team &#8211; better by everyone!<br \/><br \/>That\u2019s why it\u2019s important to us that we keep finding more ways to be a socially conscious, ethical and sustainable business.<br \/>We are committed to maintaining ethical practices that support positive wellbeing of our people, our community and the environment. As we learn more and society evolves, our commitment to our responsibilities as a business is constantly evolving too and we are continually finding ways to make our impact on people and the planet as positive as possible.<br \/>\u200b<br \/>We not only make the clothes \u2013 we wear them too!<\/p>\t\t\t\t\t\t\t\t<\/div>\n\t\t\t\t<\/div>\n\t\t\t\t\t<\/div>\n\t\t\t\t<\/div>\n\t\t<div class=\"elementor-element elementor-element-b2c07da e-flex e-con-boxed e-con e-parent\" data-id=\"b2c07da\" data-element_type=\"container\" data-settings=\"{&quot;jet_parallax_layout_list&quot;:[]}\">\n\t\t\t\t\t<div class=\"e-con-inner\">\n\t\t<div class=\"elementor-element elementor-element-e27be28 e-con-full e-flex e-con e-child\" data-id=\"e27be28\" data-element_type=\"container\" data-settings=\"{&quot;jet_parallax_layout_list&quot;:[]}\">\n\t\t\t\t<div class=\"elementor-element elementor-element-bbcfde4 elementor-widget elementor-widget-heading\" data-id=\"bbcfde4\" data-element_type=\"widget\" data-widget_type=\"heading.default\">\n\t\t\t\t<div class=\"elementor-widget-container\">\n\t\t\t\t\t<h2 class=\"elementor-heading-title elementor-size-default\">Company Values<\/h2>\t\t\t\t<\/div>\n\t\t\t\t<\/div>\n\t\t\t\t<div class=\"elementor-element elementor-element-32eb778 elementor-widget elementor-widget-text-editor\" data-id=\"32eb778\" data-element_type=\"widget\" data-widget_type=\"text-editor.default\">\n\t\t\t\t<div class=\"elementor-widget-container\">\n\t\t\t\t\t\t\t\t\t<ul>\n \t<li>Compassion: We are kind and caring to everyone we encounter.\nAccountability: Each of us is responsible for our words, our actions, and our results.<\/li>\n<li>Respect: We value everyone and treat people with dignity and professionalism.<\/li>\n<li>Integrity: We build trust through responsible actions and honest relationships.<\/li>\n<li>Teamwork: We achieve more when we collaborate and all work together.<\/li>\n<\/ul>\t\t\t\t\t\t\t\t<\/div>\n\t\t\t\t<\/div>\n\t\t\t\t<\/div>\n\t\t<div class=\"elementor-element elementor-element-a5089be e-con-full e-flex e-con e-child\" data-id=\"a5089be\" data-element_type=\"container\" data-settings=\"{&quot;jet_parallax_layout_list&quot;:[]}\">\n\t\t\t\t<div class=\"elementor-element elementor-element-dbe6779 elementor-widget elementor-widget-image\" data-id=\"dbe6779\" data-element_type=\"widget\" data-widget_type=\"image.default\">\n\t\t\t\t<div class=\"elementor-widget-container\">\n\t\t\t\t\t\t\t\t\t\t\t\t\t\t\t<img decoding=\"async\" width=\"800\" height=\"746\" src=\"https:\/\/herazeusactivewear.com\/wp-content\/uploads\/2025\/01\/1b8e94_d0f4033a177e4b40b36b2befcb159323mv2.jpg-1024x955.avif\" class=\"attachment-large size-large wp-image-968\" alt=\"\" srcset=\"https:\/\/herazeusactivewear.com\/wp-content\/uploads\/2025\/01\/1b8e94_d0f4033a177e4b40b36b2befcb159323mv2.jpg-1024x955.avif 1024w, https:\/\/herazeusactivewear.com\/wp-content\/uploads\/2025\/01\/1b8e94_d0f4033a177e4b40b36b2befcb159323mv2.jpg-300x280.avif 300w, https:\/\/herazeusactivewear.com\/wp-content\/uploads\/2025\/01\/1b8e94_d0f4033a177e4b40b36b2befcb159323mv2.jpg-768x717.avif 768w, https:\/\/herazeusactivewear.com\/wp-content\/uploads\/2025\/01\/1b8e94_d0f4033a177e4b40b36b2befcb159323mv2.jpg.avif 1402w\" sizes=\"(max-width: 800px) 100vw, 800px\" \/>\t\t\t\t\t\t\t\t\t\t\t\t\t\t\t<\/div>\n\t\t\t\t<\/div>\n\t\t\t\t<\/div>\n\t\t\t\t\t<\/div>\n\t\t\t\t<\/div>\n\t\t\t\t<\/div>","protected":false},"excerpt":{"rendered":"<p>About Us The Full Story Who we are?\u200b\u200bSo you want to know the story behind HERA ZEUS, huh? Are you sure you&#8217;re ready for it?Our story starts a long time ago, in 2014. A lot has changed from those early days. Instead of me planning everything by myself at night, we have a fantastic team [&hellip;]<\/p>","protected":false},"author":1,"featured_media":0,"parent":0,"menu_order":0,"comment_status":"closed","ping_status":"closed","template":"","meta":{"_uag_custom_page_level_css":"","footnotes":""},"class_list":["post-58","page","type-page","status-publish","hentry"],"uagb_featured_image_src":{"full":false,"thumbnail":false,"medium":false,"medium_large":false,"large":false,"1536x1536":false,"2048x2048":false,"trp-custom-language-flag":false},"uagb_author_info":{"display_name":"hazephase","author_link":"https:\/\/herazeusactivewear.com\/es\/author\/hazephase\/"},"uagb_comment_info":0,"uagb_excerpt":"About Us The Full Story Who we are?\u200b\u200bSo you want to know the story behind HERA ZEUS, huh? Are you sure you&#8217;re ready for it?Our story starts a long time ago, in 2014. A lot has changed from those early days. Instead of me planning everything by myself at night, we have a fantastic team&hellip;","_links":{"self":[{"href":"https:\/\/herazeusactivewear.com\/es\/wp-json\/wp\/v2\/pages\/58","targetHints":{"allow":["GET"]}}],"collection":[{"href":"https:\/\/herazeusactivewear.com\/es\/wp-json\/wp\/v2\/pages"}],"about":[{"href":"https:\/\/herazeusactivewear.com\/es\/wp-json\/wp\/v2\/types\/page"}],"author":[{"embeddable":true,"href":"https:\/\/herazeusactivewear.com\/es\/wp-json\/wp\/v2\/users\/1"}],"replies":[{"embeddable":true,"href":"https:\/\/herazeusactivewear.com\/es\/wp-json\/wp\/v2\/comments?post=58"}],"version-history":[{"count":37,"href":"https:\/\/herazeusactivewear.com\/es\/wp-json\/wp\/v2\/pages\/58\/revisions"}],"predecessor-version":[{"id":974,"href":"https:\/\/herazeusactivewear.com\/es\/wp-json\/wp\/v2\/pages\/58\/revisions\/974"}],"wp:attachment":[{"href":"https:\/\/herazeusactivewear.com\/es\/wp-json\/wp\/v2\/media?parent=58"}],"curies":[{"name":"wp","href":"https:\/\/api.w.org\/{rel}","templated":true}]}}